{"id":194,"date":"2020-01-08T09:31:06","date_gmt":"2020-01-08T09:31:06","guid":{"rendered":"http:\/\/oddipat.webdev.is\/?page_id=194"},"modified":"2021-12-07T11:37:34","modified_gmt":"2021-12-07T11:37:34","slug":"flotinn","status":"publish","type":"page","link":"https:\/\/oddihf.is\/en\/flotinn\/","title":{"rendered":"Fleet"},"content":{"rendered":"<p>[et_pb_section fb_built=&#8221;1&#8243; fullwidth=&#8221;on&#8221; admin_label=&#8221;Page Header&#8221; _builder_version=&#8221;4.11.3&#8243; background_image=&#8221;https:\/\/oddihf.is\/wp-content\/uploads\/2021\/10\/batur-haus.jpg&#8221; parallax=&#8221;on&#8221; max_height=&#8221;1000px&#8221; animation_style=&#8221;fade&#8221; animation_duration=&#8221;1500ms&#8221; animation_delay=&#8221;100ms&#8221; animation_starting_opacity=&#8221;10%&#8221; global_colors_info=&#8221;{}&#8221;][et_pb_fullwidth_header title=&#8221;@ET-DC@eyJkeW5hbWljIjp0cnVlLCJjb250ZW50IjoicG9zdF90aXRsZSIsInNldHRpbmdzIjp7ImJlZm9yZSI6IiIsImFmdGVyIjoiIn19@&#8221; _builder_version=&#8221;4.0.11&#8243; _dynamic_attributes=&#8221;title&#8221; title_font=&#8221;Montserrat|600|||||||&#8221; title_text_align=&#8221;left&#8221; title_text_color=&#8221;#ffffff&#8221; title_font_size=&#8221;73px&#8221; title_line_height=&#8221;2.3em&#8221; background_color=&#8221;rgba(0,0,0,0)&#8221; min_height=&#8221;500px&#8221; custom_margin=&#8221;0px||||false|false&#8221; title_font_tablet=&#8221;&#8221; title_font_phone=&#8221;&#8221; title_font_last_edited=&#8221;on|desktop&#8221; title_font_size_tablet=&#8221;&#8221; title_font_size_phone=&#8221;44px&#8221; title_font_size_last_edited=&#8221;on|desktop&#8221; global_colors_info=&#8221;{}&#8221;][\/et_pb_fullwidth_header][\/et_pb_section][et_pb_section fb_built=&#8221;1&#8243; admin_label=&#8221;Services&#8221; _builder_version=&#8221;4.0.11&#8243; custom_padding=&#8221;70px||80px||false|false&#8221; global_colors_info=&#8221;{}&#8221;][et_pb_row column_structure=&#8221;3_5,2_5&#8243; _builder_version=&#8221;4.0.11&#8243; global_colors_info=&#8221;{}&#8221;][et_pb_column type=&#8221;3_5&#8243; _builder_version=&#8221;4.0.11&#8243; global_colors_info=&#8221;{}&#8221;][et_pb_text admin_label=&#8221;Number&#8221; _builder_version=&#8221;4.0.11&#8243; text_font=&#8221;Montserrat|on|||&#8221; text_text_color=&#8221;#e02b20&#8243; text_font_size=&#8221;63px&#8221; text_line_height=&#8221;1em&#8221; background_size=&#8221;initial&#8221; background_position=&#8221;top_left&#8221; background_repeat=&#8221;repeat&#8221; animation_style=&#8221;slide&#8221; animation_direction=&#8221;bottom&#8221; animation_intensity_slide=&#8221;20%&#8221; inline_fonts=&#8221;Aldrich&#8221; global_colors_info=&#8221;{}&#8221;]<\/p>\n<p>N\u00fapur BA-69<\/p>\n<p>[\/et_pb_text][et_pb_cta title=&#8221;L\u00ednuskip me\u00f0 beitningarv\u00e9l&#8221; button_url=&#8221;\/upplysingar-um-flota\/&#8221; button_text=&#8221;\u00cdtaruppl\u00fdsingar&#8221; _builder_version=&#8221;4.11.3&#8243; header_font=&#8221;Montserrat|700|||||||&#8221; header_text_color=&#8221;#353740&#8243; header_line_height=&#8221;1.5em&#8221; body_font=&#8221;Montserrat||||||||&#8221; body_text_color=&#8221;#747d88&#8243; body_font_size=&#8221;18px&#8221; body_line_height=&#8221;1.8em&#8221; use_background_color=&#8221;off&#8221; background_size=&#8221;initial&#8221; background_position=&#8221;top_left&#8221; background_repeat=&#8221;repeat&#8221; custom_button=&#8221;on&#8221; button_text_size=&#8221;14px&#8221; button_text_color=&#8221;#858585&#8243; button_bg_color=&#8221;rgba(0,0,0,0)&#8221; button_border_width=&#8221;3px&#8221; button_border_color=&#8221;#d6d6d6&#8243; button_border_radius=&#8221;0px&#8221; button_letter_spacing=&#8221;2px&#8221; button_font=&#8221;Montserrat|700||on|||||&#8221; button_icon=&#8221;%%36%%&#8221; button_icon_color=&#8221;#000000&#8243; text_orientation=&#8221;left&#8221; background_layout=&#8221;light&#8221; animation_style=&#8221;slide&#8221; animation_direction=&#8221;top&#8221; animation_intensity_slide=&#8221;6%&#8221; button_bg_color_hover=&#8221;rgba(0,0,0,0)&#8221; global_colors_info=&#8221;{}&#8221; button_text_size__hover_enabled=&#8221;off&#8221; button_one_text_size__hover_enabled=&#8221;off&#8221; button_two_text_size__hover_enabled=&#8221;off&#8221; button_text_color__hover_enabled=&#8221;off&#8221; button_one_text_color__hover_enabled=&#8221;off&#8221; button_two_text_color__hover_enabled=&#8221;off&#8221; button_border_width__hover_enabled=&#8221;off&#8221; button_one_border_width__hover_enabled=&#8221;off&#8221; button_two_border_width__hover_enabled=&#8221;off&#8221; button_border_color__hover_enabled=&#8221;off&#8221; button_one_border_color__hover_enabled=&#8221;off&#8221; button_two_border_color__hover_enabled=&#8221;off&#8221; button_border_radius__hover_enabled=&#8221;off&#8221; button_one_border_radius__hover_enabled=&#8221;off&#8221; button_two_border_radius__hover_enabled=&#8221;off&#8221; button_letter_spacing__hover_enabled=&#8221;off&#8221; button_one_letter_spacing__hover_enabled=&#8221;off&#8221; button_two_letter_spacing__hover_enabled=&#8221;off&#8221; button_bg_color__hover_enabled=&#8221;on&#8221; button_bg_color__hover=&#8221;rgba(0,0,0,0)&#8221; button_one_bg_color__hover_enabled=&#8221;off&#8221; button_two_bg_color__hover_enabled=&#8221;off&#8221;]<\/p>\n<p class=\" translation-block\">The vessels fish responsibly from fish stocks in Icelandic waters. Both vessels are equipped with automatic baiting machines as well as a bleeding and cooling system that delivers raw material of the best possible quality.<\/p>\n<p>[\/et_pb_cta][\/et_pb_column][et_pb_column type=&#8221;2_5&#8243; _builder_version=&#8221;4.0.11&#8243; global_colors_info=&#8221;{}&#8221;][et_pb_image src=&#8221;https:\/\/oddihf.is\/wp-content\/uploads\/2020\/01\/nupur.jpg&#8221; _builder_version=&#8221;4.0.11&#8243; animation_style=&#8221;fade&#8221; global_colors_info=&#8221;{}&#8221;][\/et_pb_image][\/et_pb_column][\/et_pb_row][\/et_pb_section][et_pb_section fb_built=&#8221;1&#8243; admin_label=&#8221;Services&#8221; _builder_version=&#8221;4.0.11&#8243; background_color=&#8221;rgba(214,214,214,0.19)&#8221; custom_padding=&#8221;70px||80px||false|false&#8221; global_colors_info=&#8221;{}&#8221;][et_pb_row column_structure=&#8221;3_5,2_5&#8243; _builder_version=&#8221;4.0.11&#8243; global_colors_info=&#8221;{}&#8221;][et_pb_column type=&#8221;3_5&#8243; _builder_version=&#8221;4.0.11&#8243; global_colors_info=&#8221;{}&#8221;][et_pb_text admin_label=&#8221;Number&#8221; _builder_version=&#8221;4.0.11&#8243; text_font=&#8221;Montserrat|on|||&#8221; text_text_color=&#8221;#e02b20&#8243; text_font_size=&#8221;63px&#8221; text_line_height=&#8221;1em&#8221; background_size=&#8221;initial&#8221; background_position=&#8221;top_left&#8221; background_repeat=&#8221;repeat&#8221; animation_style=&#8221;slide&#8221; animation_direction=&#8221;bottom&#8221; animation_intensity_slide=&#8221;20%&#8221; inline_fonts=&#8221;Aldrich&#8221; global_colors_info=&#8221;{}&#8221;]<\/p>\n<p>Patrekur BA-64<\/p>\n<p>[\/et_pb_text][et_pb_cta title=&#8221;L\u00ednuskip me\u00f0 beitningarv\u00e9l&#8221; button_url=&#8221;\/upplysingar-um-flota\/&#8221; button_text=&#8221;\u00cdtaruppl\u00fdsingar&#8221; _builder_version=&#8221;4.0.11&#8243; header_font=&#8221;Montserrat|700|||||||&#8221; header_text_color=&#8221;#353740&#8243; header_line_height=&#8221;1.5em&#8221; body_font=&#8221;Montserrat||||||||&#8221; body_text_color=&#8221;#747d88&#8243; body_font_size=&#8221;18px&#8221; body_line_height=&#8221;1.8em&#8221; use_background_color=&#8221;off&#8221; background_size=&#8221;initial&#8221; background_position=&#8221;top_left&#8221; background_repeat=&#8221;repeat&#8221; custom_button=&#8221;on&#8221; button_text_size=&#8221;14px&#8221; button_text_color=&#8221;#858585&#8243; button_bg_color=&#8221;rgba(0,0,0,0)&#8221; button_border_width=&#8221;3px&#8221; button_border_color=&#8221;#d6d6d6&#8243; button_border_radius=&#8221;0px&#8221; button_letter_spacing=&#8221;2px&#8221; button_font=&#8221;Montserrat|700||on|||||&#8221; button_icon=&#8221;%%36%%&#8221; button_icon_color=&#8221;#000000&#8243; text_orientation=&#8221;left&#8221; background_layout=&#8221;light&#8221; animation_style=&#8221;slide&#8221; animation_direction=&#8221;top&#8221; animation_intensity_slide=&#8221;6%&#8221; button_bg_color_hover=&#8221;rgba(0,0,0,0)&#8221; global_colors_info=&#8221;{}&#8221; button_text_size__hover_enabled=&#8221;off&#8221; button_one_text_size__hover_enabled=&#8221;off&#8221; button_two_text_size__hover_enabled=&#8221;off&#8221; button_text_color__hover_enabled=&#8221;off&#8221; button_one_text_color__hover_enabled=&#8221;off&#8221; button_two_text_color__hover_enabled=&#8221;off&#8221; button_border_width__hover_enabled=&#8221;off&#8221; button_one_border_width__hover_enabled=&#8221;off&#8221; button_two_border_width__hover_enabled=&#8221;off&#8221; button_border_color__hover_enabled=&#8221;off&#8221; button_one_border_color__hover_enabled=&#8221;off&#8221; button_two_border_color__hover_enabled=&#8221;off&#8221; button_border_radius__hover_enabled=&#8221;off&#8221; button_one_border_radius__hover_enabled=&#8221;off&#8221; button_two_border_radius__hover_enabled=&#8221;off&#8221; button_letter_spacing__hover_enabled=&#8221;off&#8221; button_one_letter_spacing__hover_enabled=&#8221;off&#8221; button_two_letter_spacing__hover_enabled=&#8221;off&#8221; button_bg_color__hover_enabled=&#8221;on&#8221; button_bg_color__hover=&#8221;rgba(0,0,0,0)&#8221; button_one_bg_color__hover_enabled=&#8221;off&#8221; button_two_bg_color__hover_enabled=&#8221;off&#8221;]<\/p>\n<p class=\" translation-block\">The vessels fish responsibly from fish stocks in Icelandic waters. Both vessels are equipped with automatic baiting machines as well as a bleeding and cooling system that delivers raw material of the best possible quality.<\/p>\n<p>[\/et_pb_cta][\/et_pb_column][et_pb_column type=&#8221;2_5&#8243; _builder_version=&#8221;4.0.11&#8243; global_colors_info=&#8221;{}&#8221;][et_pb_image src=&#8221;https:\/\/oddihf.is\/wp-content\/uploads\/2020\/01\/Patrekur.jpg&#8221; _builder_version=&#8221;4.0.11&#8243; animation_style=&#8221;fade&#8221; global_colors_info=&#8221;{}&#8221;][\/et_pb_image][\/et_pb_column][\/et_pb_row][\/et_pb_section]<\/p>","protected":false},"excerpt":{"rendered":"<p>Oddi hf gerir \u00fat tvo l\u00ednuskip, N\u00fap BA-69 og Patrek BA-64 sem stunda \u00e1byrgar vei\u00f0ar \u00far fiskistofnum \u00e1 \u00cdslandsmi\u00f0um. B\u00e6\u00f0i skipin eru \u00fatb\u00fain me\u00f0 sj\u00e1lfvirkum beitningarv\u00e9lum \u00e1samt bl\u00e6\u00f0i og k\u00e6likerfi sem skilar hr\u00e1efni \u00ed bestu m\u00f6gulegu g\u00e6\u00f0um.<\/p>","protected":false},"author":1,"featured_media":895,"parent":0,"menu_order":0,"comment_status":"closed","ping_status":"closed","template":"","meta":{"_et_pb_use_builder":"on","_et_pb_old_content":"","_et_gb_content_width":""},"yoast_head":"<!-- This site is optimized with the Yoast SEO plugin v17.7.1 - https:\/\/yoast.com\/wordpress\/plugins\/seo\/ -->\n<title>Flotinn - Oddi HF<\/title>\n<meta name=\"description\" content=\"Oddi hf gerir \u00fat tvo l\u00ednuskip, N\u00fap BA-69 og Patrek BA-64 sem stunda \u00e1byrgar vei\u00f0ar \u00far fiskistofnum \u00e1 \u00cdslandsmi\u00f0um. B\u00e6\u00f0i skipin eru \u00fatb\u00fain me\u00f0 sj\u00e1lfvirkum beitningarv\u00e9lum \u00e1samt bl\u00e6\u00f0i og k\u00e6likerfi sem skilar hr\u00e1efni \u00ed bestu m\u00f6gulegu g\u00e6\u00f0um.\" \/>\n<meta name=\"robots\" content=\"index, follow, max-snippet:-1, max-image-preview:large, max-video-preview:-1\" \/>\n<link rel=\"canonical\" href=\"https:\/\/oddihf.is\/en\/flotinn\/\" \/>\n<meta property=\"og:locale\" content=\"en_US\" \/>\n<meta property=\"og:type\" content=\"article\" \/>\n<meta property=\"og:title\" content=\"Flotinn - Oddi HF\" \/>\n<meta property=\"og:description\" content=\"Oddi hf gerir \u00fat tvo l\u00ednuskip, N\u00fap BA-69 og Patrek BA-64 sem stunda \u00e1byrgar vei\u00f0ar \u00far fiskistofnum \u00e1 \u00cdslandsmi\u00f0um. B\u00e6\u00f0i skipin eru \u00fatb\u00fain me\u00f0 sj\u00e1lfvirkum beitningarv\u00e9lum \u00e1samt bl\u00e6\u00f0i og k\u00e6likerfi sem skilar hr\u00e1efni \u00ed bestu m\u00f6gulegu g\u00e6\u00f0um.\" \/>\n<meta property=\"og:url\" content=\"https:\/\/oddihf.is\/en\/flotinn\/\" \/>\n<meta property=\"og:site_name\" content=\"Oddi HF\" \/>\n<meta property=\"article:modified_time\" content=\"2021-12-07T11:37:34+00:00\" \/>\n<meta property=\"og:image\" content=\"https:\/\/oddihf.is\/wp-content\/uploads\/2021\/10\/oddi_heimasida-0839-2.jpg\" \/>\n\t<meta property=\"og:image:width\" content=\"1920\" \/>\n\t<meta property=\"og:image:height\" content=\"1078\" \/>\n<meta name=\"twitter:card\" content=\"summary_large_image\" \/>\n<meta name=\"twitter:label1\" content=\"Est. reading time\" \/>\n\t<meta name=\"twitter:data1\" content=\"2 minutes\" \/>\n<script type=\"application\/ld+json\" class=\"yoast-schema-graph\">{\"@context\":\"https:\/\/schema.org\",\"@graph\":[{\"@type\":\"WebSite\",\"@id\":\"https:\/\/oddihf.is\/#website\",\"url\":\"https:\/\/oddihf.is\/\",\"name\":\"Oddi HF\",\"description\":\"Fiskvinnsla og \\u00fatger\\u00f0 \\u00e1 Patreksfir\\u00f0i\",\"potentialAction\":[{\"@type\":\"SearchAction\",\"target\":{\"@type\":\"EntryPoint\",\"urlTemplate\":\"https:\/\/oddihf.is\/?s={search_term_string}\"},\"query-input\":\"required name=search_term_string\"}],\"inLanguage\":\"en-US\"},{\"@type\":\"ImageObject\",\"@id\":\"https:\/\/oddihf.is\/is\/flotinn\/#primaryimage\",\"inLanguage\":\"en-US\",\"url\":\"https:\/\/oddihf.is\/wp-content\/uploads\/2021\/10\/oddi_heimasida-0839-2.jpg\",\"contentUrl\":\"https:\/\/oddihf.is\/wp-content\/uploads\/2021\/10\/oddi_heimasida-0839-2.jpg\",\"width\":1920,\"height\":1078},{\"@type\":\"WebPage\",\"@id\":\"https:\/\/oddihf.is\/is\/flotinn\/#webpage\",\"url\":\"https:\/\/oddihf.is\/is\/flotinn\/\",\"name\":\"Flotinn - Oddi HF\",\"isPartOf\":{\"@id\":\"https:\/\/oddihf.is\/#website\"},\"primaryImageOfPage\":{\"@id\":\"https:\/\/oddihf.is\/is\/flotinn\/#primaryimage\"},\"datePublished\":\"2020-01-08T09:31:06+00:00\",\"dateModified\":\"2021-12-07T11:37:34+00:00\",\"description\":\"Oddi hf gerir \\u00fat tvo l\\u00ednuskip, N\\u00fap BA-69 og Patrek BA-64 sem stunda \\u00e1byrgar vei\\u00f0ar \\u00far fiskistofnum \\u00e1 \\u00cdslandsmi\\u00f0um. B\\u00e6\\u00f0i skipin eru \\u00fatb\\u00fain me\\u00f0 sj\\u00e1lfvirkum beitningarv\\u00e9lum \\u00e1samt bl\\u00e6\\u00f0i og k\\u00e6likerfi sem skilar hr\\u00e1efni \\u00ed bestu m\\u00f6gulegu g\\u00e6\\u00f0um.\",\"breadcrumb\":{\"@id\":\"https:\/\/oddihf.is\/is\/flotinn\/#breadcrumb\"},\"inLanguage\":\"en-US\",\"potentialAction\":[{\"@type\":\"ReadAction\",\"target\":[\"https:\/\/oddihf.is\/is\/flotinn\/\"]}]},{\"@type\":\"BreadcrumbList\",\"@id\":\"https:\/\/oddihf.is\/is\/flotinn\/#breadcrumb\",\"itemListElement\":[{\"@type\":\"ListItem\",\"position\":1,\"name\":\"Home\",\"item\":\"https:\/\/oddihf.is\/\"},{\"@type\":\"ListItem\",\"position\":2,\"name\":\"Flotinn\"}]}]}<\/script>\n<!-- \/ Yoast SEO plugin. -->","yoast_head_json":{"title":"Flotinn - Oddi HF","description":"Oddi hf gerir \u00fat tvo l\u00ednuskip, N\u00fap BA-69 og Patrek BA-64 sem stunda \u00e1byrgar vei\u00f0ar \u00far fiskistofnum \u00e1 \u00cdslandsmi\u00f0um. B\u00e6\u00f0i skipin eru \u00fatb\u00fain me\u00f0 sj\u00e1lfvirkum beitningarv\u00e9lum \u00e1samt bl\u00e6\u00f0i og k\u00e6likerfi sem skilar hr\u00e1efni \u00ed bestu m\u00f6gulegu g\u00e6\u00f0um.","robots":{"index":"index","follow":"follow","max-snippet":"max-snippet:-1","max-image-preview":"max-image-preview:large","max-video-preview":"max-video-preview:-1"},"canonical":"https:\/\/oddihf.is\/en\/flotinn\/","og_locale":"en_US","og_type":"article","og_title":"Flotinn - Oddi HF","og_description":"Oddi hf gerir \u00fat tvo l\u00ednuskip, N\u00fap BA-69 og Patrek BA-64 sem stunda \u00e1byrgar vei\u00f0ar \u00far fiskistofnum \u00e1 \u00cdslandsmi\u00f0um. B\u00e6\u00f0i skipin eru \u00fatb\u00fain me\u00f0 sj\u00e1lfvirkum beitningarv\u00e9lum \u00e1samt bl\u00e6\u00f0i og k\u00e6likerfi sem skilar hr\u00e1efni \u00ed bestu m\u00f6gulegu g\u00e6\u00f0um.","og_url":"https:\/\/oddihf.is\/en\/flotinn\/","og_site_name":"Oddi HF","article_modified_time":"2021-12-07T11:37:34+00:00","og_image":[{"width":1920,"height":1078,"url":"https:\/\/oddihf.is\/wp-content\/uploads\/2021\/10\/oddi_heimasida-0839-2.jpg","type":"image\/jpeg"}],"twitter_card":"summary_large_image","twitter_misc":{"Est. reading time":"2 minutes"},"schema":{"@context":"https:\/\/schema.org","@graph":[{"@type":"WebSite","@id":"https:\/\/oddihf.is\/#website","url":"https:\/\/oddihf.is\/","name":"Oddi HF","description":"Fiskvinnsla og \u00fatger\u00f0 \u00e1 Patreksfir\u00f0i","potentialAction":[{"@type":"SearchAction","target":{"@type":"EntryPoint","urlTemplate":"https:\/\/oddihf.is\/?s={search_term_string}"},"query-input":"required name=search_term_string"}],"inLanguage":"en-US"},{"@type":"ImageObject","@id":"https:\/\/oddihf.is\/is\/flotinn\/#primaryimage","inLanguage":"en-US","url":"https:\/\/oddihf.is\/wp-content\/uploads\/2021\/10\/oddi_heimasida-0839-2.jpg","contentUrl":"https:\/\/oddihf.is\/wp-content\/uploads\/2021\/10\/oddi_heimasida-0839-2.jpg","width":1920,"height":1078},{"@type":"WebPage","@id":"https:\/\/oddihf.is\/is\/flotinn\/#webpage","url":"https:\/\/oddihf.is\/is\/flotinn\/","name":"Flotinn - Oddi HF","isPartOf":{"@id":"https:\/\/oddihf.is\/#website"},"primaryImageOfPage":{"@id":"https:\/\/oddihf.is\/is\/flotinn\/#primaryimage"},"datePublished":"2020-01-08T09:31:06+00:00","dateModified":"2021-12-07T11:37:34+00:00","description":"Oddi hf gerir \u00fat tvo l\u00ednuskip, N\u00fap BA-69 og Patrek BA-64 sem stunda \u00e1byrgar vei\u00f0ar \u00far fiskistofnum \u00e1 \u00cdslandsmi\u00f0um. B\u00e6\u00f0i skipin eru \u00fatb\u00fain me\u00f0 sj\u00e1lfvirkum beitningarv\u00e9lum \u00e1samt bl\u00e6\u00f0i og k\u00e6likerfi sem skilar hr\u00e1efni \u00ed bestu m\u00f6gulegu g\u00e6\u00f0um.","breadcrumb":{"@id":"https:\/\/oddihf.is\/is\/flotinn\/#breadcrumb"},"inLanguage":"en-US","potentialAction":[{"@type":"ReadAction","target":["https:\/\/oddihf.is\/is\/flotinn\/"]}]},{"@type":"BreadcrumbList","@id":"https:\/\/oddihf.is\/is\/flotinn\/#breadcrumb","itemListElement":[{"@type":"ListItem","position":1,"name":"Home","item":"https:\/\/oddihf.is\/"},{"@type":"ListItem","position":2,"name":"Flotinn"}]}]}},"_links":{"self":[{"href":"https:\/\/oddihf.is\/en\/wp-json\/wp\/v2\/pages\/194"}],"collection":[{"href":"https:\/\/oddihf.is\/en\/wp-json\/wp\/v2\/pages"}],"about":[{"href":"https:\/\/oddihf.is\/en\/wp-json\/wp\/v2\/types\/page"}],"author":[{"embeddable":true,"href":"https:\/\/oddihf.is\/en\/wp-json\/wp\/v2\/users\/1"}],"replies":[{"embeddable":true,"href":"https:\/\/oddihf.is\/en\/wp-json\/wp\/v2\/comments?post=194"}],"version-history":[{"count":22,"href":"https:\/\/oddihf.is\/en\/wp-json\/wp\/v2\/pages\/194\/revisions"}],"predecessor-version":[{"id":1114,"href":"https:\/\/oddihf.is\/en\/wp-json\/wp\/v2\/pages\/194\/revisions\/1114"}],"wp:featuredmedia":[{"embeddable":true,"href":"https:\/\/oddihf.is\/en\/wp-json\/wp\/v2\/media\/895"}],"wp:attachment":[{"href":"https:\/\/oddihf.is\/en\/wp-json\/wp\/v2\/media?parent=194"}],"curies":[{"name":"wp","href":"https:\/\/api.w.org\/{rel}","templated":true}]}}