{"id":175,"date":"2020-01-08T09:26:25","date_gmt":"2020-01-08T09:26:25","guid":{"rendered":"http:\/\/oddipat.webdev.is\/?page_id=175"},"modified":"2021-12-07T11:26:51","modified_gmt":"2021-12-07T11:26:51","slug":"utgerd","status":"publish","type":"page","link":"https:\/\/oddihf.is\/en\/utgerd\/","title":{"rendered":"Fishing"},"content":{"rendered":"<p>[et_pb_section fb_built=&#8221;1&#8243; fullwidth=&#8221;on&#8221; admin_label=&#8221;Page Header&#8221; _builder_version=&#8221;4.11.3&#8243; background_image=&#8221;https:\/\/oddihf.is\/wp-content\/uploads\/2021\/10\/batur-haus.jpg&#8221; parallax=&#8221;on&#8221; max_height=&#8221;1000px&#8221; animation_style=&#8221;fade&#8221; animation_duration=&#8221;1500ms&#8221; animation_delay=&#8221;100ms&#8221; animation_starting_opacity=&#8221;10%&#8221; global_colors_info=&#8221;{}&#8221;][et_pb_fullwidth_header title=&#8221;@ET-DC@eyJkeW5hbWljIjp0cnVlLCJjb250ZW50IjoicG9zdF90aXRsZSIsInNldHRpbmdzIjp7ImJlZm9yZSI6IiIsImFmdGVyIjoiIn19@&#8221; _builder_version=&#8221;4.0.11&#8243; _dynamic_attributes=&#8221;title&#8221; title_font=&#8221;Montserrat|600|||||||&#8221; title_text_align=&#8221;left&#8221; title_text_color=&#8221;#ffffff&#8221; title_font_size=&#8221;73px&#8221; title_line_height=&#8221;2.3em&#8221; background_color=&#8221;rgba(0,0,0,0)&#8221; min_height=&#8221;500px&#8221; custom_margin=&#8221;0px||||false|false&#8221; title_font_tablet=&#8221;&#8221; title_font_phone=&#8221;&#8221; title_font_last_edited=&#8221;on|desktop&#8221; title_font_size_tablet=&#8221;&#8221; title_font_size_phone=&#8221;44px&#8221; title_font_size_last_edited=&#8221;on|desktop&#8221; global_colors_info=&#8221;{}&#8221;][\/et_pb_fullwidth_header][\/et_pb_section][et_pb_section fb_built=&#8221;1&#8243; admin_label=&#8221;FAQ&#8221; _builder_version=&#8221;3.22&#8243; custom_padding=&#8221;40px|0px|40px|0px||&#8221; global_colors_info=&#8221;{}&#8221;][et_pb_row _builder_version=&#8221;3.25&#8243; background_size=&#8221;initial&#8221; background_position=&#8221;top_left&#8221; background_repeat=&#8221;repeat&#8221; custom_padding=&#8221;45px|0px|45px|0px&#8221; custom_width_px=&#8221;710px&#8221; global_colors_info=&#8221;{}&#8221;][et_pb_column type=&#8221;4_4&#8243; _builder_version=&#8221;3.25&#8243; background_position=&#8221;top_left&#8221; custom_padding=&#8221;|||&#8221; global_colors_info=&#8221;{}&#8221; custom_padding__hover=&#8221;|||&#8221;][et_pb_divider color=&#8221;#E02B20&#8243; divider_weight=&#8221;3px&#8221; disabled_on=&#8221;off|off|off&#8221; _builder_version=&#8221;4.11.3&#8243; background_color_gradient_direction=&#8221;90deg&#8221; max_width=&#8221;100px&#8221; module_alignment=&#8221;center&#8221; height=&#8221;5px&#8221; custom_margin=&#8221;||20px||false|false&#8221; custom_padding=&#8221;||20px||false|false&#8221; animation_style=&#8221;slide&#8221; animation_direction=&#8221;bottom&#8221; saved_tabs=&#8221;all&#8221; locked=&#8221;off&#8221; global_colors_info=&#8221;{}&#8221;][\/et_pb_divider][et_pb_text admin_label=&#8221;FAQ Section Title&#8221; _builder_version=&#8221;4.11.3&#8243; header_font=&#8221;Montserrat||||&#8221; header_text_color=&#8221;#1f1f1f&#8221; header_font_size=&#8221;36px&#8221; text_orientation=&#8221;center&#8221; max_width=&#8221;710px&#8221; module_alignment=&#8221;center&#8221; animation_style=&#8221;fold&#8221; animation_direction=&#8221;bottom&#8221; animation_intensity_fold=&#8221;20%&#8221; global_colors_info=&#8221;{}&#8221;]<\/p>\n<h1>FISHING IN HARMONY WITH NATURE<\/h1>\n<p>[\/et_pb_text][et_pb_text admin_label=&#8221;FAQ Section Subtitle&#8221; _builder_version=&#8221;4.11.3&#8243; text_font_size=&#8221;16px&#8221; text_line_height=&#8221;1.9em&#8221; background_size=&#8221;initial&#8221; background_position=&#8221;top_left&#8221; background_repeat=&#8221;repeat&#8221; text_orientation=&#8221;center&#8221; max_width=&#8221;710px&#8221; module_alignment=&#8221;center&#8221; animation_style=&#8221;fold&#8221; animation_direction=&#8221;bottom&#8221; animation_intensity_fold=&#8221;20%&#8221; text_font_size_phone=&#8221;16px&#8221; global_colors_info=&#8221;{}&#8221;]Oddi hf gerir \u00fat tvo l\u00ednuskip, N\u00fap BA-69 og Patrek BA-64 sem stunda \u00e1byrgar vei\u00f0ar \u00far fiskistofnum \u00e1 \u00cdslandsmi\u00f0um. B\u00e6\u00f0i skipin eru \u00fatb\u00fain me\u00f0 sj\u00e1lfvirkum beitningarv\u00e9lum \u00e1samt bl\u00e6\u00f0i og k\u00e6likerfi sem skilar  hr\u00e1efni \u00ed bestu m\u00f6gulegu g\u00e6\u00f0um. [\/et_pb_text][\/et_pb_column][\/et_pb_row][\/et_pb_section][et_pb_section fb_built=&#8221;1&#8243; admin_label=&#8221;Split Section&#8221; _builder_version=&#8221;3.22&#8243; custom_padding=&#8221;0px||0px|&#8221; animation_style=&#8221;fold&#8221; animation_direction=&#8221;bottom&#8221; animation_intensity_fold=&#8221;4%&#8221; global_colors_info=&#8221;{}&#8221;][et_pb_row column_structure=&#8221;1_2,1_2&#8243; use_custom_gutter=&#8221;on&#8221; gutter_width=&#8221;1&#8243; make_equal=&#8221;on&#8221; module_class=&#8221; et_pb_row_fullwidth&#8221; _builder_version=&#8221;4.11.3&#8243; background_size=&#8221;initial&#8221; background_position=&#8221;top_left&#8221; background_repeat=&#8221;repeat&#8221; width=&#8221;100%&#8221; width_tablet=&#8221;100%&#8221; width_phone=&#8221;&#8221; width_last_edited=&#8221;on|desktop&#8221; max_width=&#8221;100%&#8221; max_width_tablet=&#8221;100%&#8221; max_width_phone=&#8221;&#8221; max_width_last_edited=&#8221;on|desktop&#8221; custom_margin=&#8221;0px||0px|&#8221; custom_padding=&#8221;0px||0px|&#8221; animation_style=&#8221;flip&#8221; animation_direction=&#8221;right&#8221; animation_intensity_flip=&#8221;20%&#8221; make_fullwidth=&#8221;on&#8221; global_colors_info=&#8221;{}&#8221; custom_css_main_element_last_edited=&#8221;on|phone&#8221; custom_css_main_element_phone=&#8221;display: flex;||flex-direction: column;&#8221;][et_pb_column type=&#8221;1_2&#8243; _builder_version=&#8221;4.11.3&#8243; background_image=&#8221;https:\/\/oddihf.is\/wp-content\/uploads\/2021\/10\/oddi_heimasida-7816.jpg&#8221; custom_padding=&#8221;|||&#8221; custom_css_main_element=&#8221;order: 2;&#8221; global_colors_info=&#8221;{}&#8221; custom_padding__hover=&#8221;|||&#8221;][\/et_pb_column][et_pb_column type=&#8221;1_2&#8243; _builder_version=&#8221;4.11.3&#8243; background_color=&#8221;#f4f4f4&#8243; background_position=&#8221;top_left&#8221; custom_padding=&#8221;8%|6%|8%|6%&#8221; global_colors_info=&#8221;{}&#8221; custom_padding__hover=&#8221;|||&#8221;][et_pb_divider color=&#8221;#E02B20&#8243; divider_weight=&#8221;3px&#8221; disabled_on=&#8221;off|off|off&#8221; _builder_version=&#8221;4.11.3&#8243; background_color_gradient_direction=&#8221;90deg&#8221; max_width=&#8221;100px&#8221; module_alignment=&#8221;left&#8221; height=&#8221;5px&#8221; custom_margin=&#8221;||20px|&#8221; custom_padding=&#8221;||20px|&#8221; animation_style=&#8221;slide&#8221; animation_direction=&#8221;bottom&#8221; saved_tabs=&#8221;all&#8221; locked=&#8221;off&#8221; global_colors_info=&#8221;{}&#8221;][\/et_pb_divider][et_pb_cta title=&#8221;VEI\u00d0ARF\u00c6RI\u00d0&#8221; button_url=&#8221;#&#8221; admin_label=&#8221;Feature 01&#8243; _builder_version=&#8221;4.11.3&#8243; header_font=&#8221;Montserrat||||&#8221; header_text_color=&#8221;#1f1f1f&#8221; header_font_size=&#8221;36&#8243; header_line_height=&#8221;1.4em&#8221; body_font_size=&#8221;16&#8243; body_line_height=&#8221;1.9em&#8221; use_background_color=&#8221;off&#8221; custom_button=&#8221;on&#8221; button_text_size=&#8221;18&#8243; button_text_color=&#8221;#ffffff&#8221; button_bg_color=&#8221;#6eba01&#8243; button_border_color=&#8221;#6eba01&#8243; button_border_radius=&#8221;0&#8243; button_letter_spacing=&#8221;2&#8243; button_font=&#8221;Montserrat|||on|&#8221; button_use_icon=&#8221;off&#8221; text_orientation=&#8221;left&#8221; background_layout=&#8221;light&#8221; max_width=&#8221;450px&#8221; module_alignment=&#8221;left&#8221; custom_margin=&#8221;|||&#8221; custom_padding=&#8221;|||&#8221; animation_style=&#8221;fold&#8221; animation_direction=&#8221;bottom&#8221; animation_intensity_fold=&#8221;15%&#8221; button_text_color_hover=&#8221;#6eba01&#8243; button_border_color_hover=&#8221;#6eba01&#8243; button_border_radius_hover=&#8221;0&#8243; button_letter_spacing_hover=&#8221;2&#8243; button_bg_color_hover=&#8221;rgba(0,0,0,0)&#8221; saved_tabs=&#8221;all&#8221; locked=&#8221;off&#8221; global_colors_info=&#8221;{}&#8221; button_text_size__hover_enabled=&#8221;off&#8221; button_one_text_size__hover_enabled=&#8221;off&#8221; button_two_text_size__hover_enabled=&#8221;off&#8221; button_text_color__hover_enabled=&#8221;on&#8221; button_text_color__hover=&#8221;#6eba01&#8243; button_one_text_color__hover_enabled=&#8221;off&#8221; button_two_text_color__hover_enabled=&#8221;off&#8221; button_border_width__hover_enabled=&#8221;off&#8221; button_one_border_width__hover_enabled=&#8221;off&#8221; button_two_border_width__hover_enabled=&#8221;off&#8221; button_border_color__hover_enabled=&#8221;on&#8221; button_border_color__hover=&#8221;#6eba01&#8243; button_one_border_color__hover_enabled=&#8221;off&#8221; button_two_border_color__hover_enabled=&#8221;off&#8221; button_border_radius__hover_enabled=&#8221;on&#8221; button_border_radius__hover=&#8221;0&#8243; button_one_border_radius__hover_enabled=&#8221;off&#8221; button_two_border_radius__hover_enabled=&#8221;off&#8221; button_letter_spacing__hover_enabled=&#8221;on&#8221; button_letter_spacing__hover=&#8221;2&#8243; button_one_letter_spacing__hover_enabled=&#8221;off&#8221; button_two_letter_spacing__hover_enabled=&#8221;off&#8221; button_bg_color__hover_enabled=&#8221;on&#8221; button_bg_color__hover=&#8221;rgba(0,0,0,0)&#8221; button_one_bg_color__hover_enabled=&#8221;off&#8221; button_two_bg_color__hover_enabled=&#8221;off&#8221;]Allt hr\u00e1efni Odda er veitt \u00e1 l\u00ednu. L\u00ednu vei\u00f0ar eru umhverfisv\u00e6nar \u00fear sem \u00fe\u00e6r hafa l\u00edtil sem engin \u00e1hrif \u00e1 botn sj\u00e1var og nota mun minni orku heldur en a\u00f0rar a\u00f0fer\u00f0ir. L\u00ednuvei\u00f0ar fara einnig afar vel me\u00f0 aflann og \u00fear af lei\u00f0andi skila inn hr\u00e1efni \u00ed h\u00e6sta g\u00e6\u00f0aflokki. [\/et_pb_cta][\/et_pb_column][\/et_pb_row][et_pb_row column_structure=&#8221;1_2,1_2&#8243; use_custom_gutter=&#8221;on&#8221; gutter_width=&#8221;1&#8243; make_equal=&#8221;on&#8221; module_class=&#8221; et_pb_row_fullwidth&#8221; _builder_version=&#8221;4.11.3&#8243; background_size=&#8221;initial&#8221; background_position=&#8221;top_left&#8221; background_repeat=&#8221;repeat&#8221; width=&#8221;100%&#8221; width_tablet=&#8221;100%&#8221; width_phone=&#8221;&#8221; width_last_edited=&#8221;on|desktop&#8221; max_width=&#8221;100%&#8221; max_width_tablet=&#8221;100%&#8221; max_width_phone=&#8221;&#8221; max_width_last_edited=&#8221;on|desktop&#8221; custom_margin=&#8221;|||&#8221; custom_padding=&#8221;0px||0px|&#8221; animation_style=&#8221;flip&#8221; animation_direction=&#8221;left&#8221; animation_intensity_flip=&#8221;20%&#8221; make_fullwidth=&#8221;on&#8221; locked=&#8221;off&#8221; global_colors_info=&#8221;{}&#8221;][et_pb_column type=&#8221;1_2&#8243; _builder_version=&#8221;4.11.3&#8243; background_color=&#8221;#FFFFFF&#8221; background_position=&#8221;top_left&#8221; custom_padding=&#8221;8%|6%|8%|16%&#8221; custom_padding_tablet=&#8221;&#8221; custom_padding_phone=&#8221;80px|10%|80px|10%&#8221; custom_padding_last_edited=&#8221;on|desktop&#8221; global_colors_info=&#8221;{}&#8221; padding_phone=&#8221;80px|10%|80px|10%&#8221; padding_last_edited=&#8221;on|desktop&#8221; custom_padding__hover=&#8221;|||&#8221;][et_pb_divider color=&#8221;#E02B20&#8243; divider_weight=&#8221;3px&#8221; disabled_on=&#8221;off|off|off&#8221; _builder_version=&#8221;4.11.3&#8243; background_color_gradient_direction=&#8221;90deg&#8221; max_width=&#8221;100px&#8221; module_alignment=&#8221;left&#8221; height=&#8221;5px&#8221; custom_margin=&#8221;||20px|&#8221; custom_padding=&#8221;||20px|&#8221; animation_style=&#8221;slide&#8221; animation_direction=&#8221;bottom&#8221; saved_tabs=&#8221;all&#8221; locked=&#8221;off&#8221; global_colors_info=&#8221;{}&#8221;][\/et_pb_divider][et_pb_cta title=&#8221;HEILBRIGT HAF&#8221; button_url=&#8221;#&#8221; admin_label=&#8221;Feature 01&#8243; _builder_version=&#8221;4.11.3&#8243; header_font=&#8221;Montserrat||||&#8221; header_text_color=&#8221;#1f1f1f&#8221; header_font_size=&#8221;36&#8243; header_line_height=&#8221;1.4em&#8221; body_font_size=&#8221;16&#8243; body_line_height=&#8221;1.9em&#8221; use_background_color=&#8221;off&#8221; custom_button=&#8221;on&#8221; button_text_size=&#8221;18&#8243; button_text_color=&#8221;#ffffff&#8221; button_bg_color=&#8221;#6eba01&#8243; button_border_color=&#8221;#6eba01&#8243; button_border_radius=&#8221;0&#8243; button_letter_spacing=&#8221;2&#8243; button_font=&#8221;Montserrat|||on|&#8221; button_use_icon=&#8221;off&#8221; text_orientation=&#8221;left&#8221; background_layout=&#8221;light&#8221; max_width=&#8221;450px&#8221; module_alignment=&#8221;left&#8221; custom_margin=&#8221;|||&#8221; custom_padding=&#8221;|||&#8221; animation_style=&#8221;fold&#8221; animation_direction=&#8221;bottom&#8221; animation_intensity_fold=&#8221;15%&#8221; button_text_color_hover=&#8221;#6eba01&#8243; button_border_color_hover=&#8221;#6eba01&#8243; button_border_radius_hover=&#8221;0&#8243; button_letter_spacing_hover=&#8221;2&#8243; button_bg_color_hover=&#8221;rgba(0,0,0,0)&#8221; saved_tabs=&#8221;all&#8221; locked=&#8221;off&#8221; global_colors_info=&#8221;{}&#8221; button_text_size__hover_enabled=&#8221;off&#8221; button_one_text_size__hover_enabled=&#8221;off&#8221; button_two_text_size__hover_enabled=&#8221;off&#8221; button_text_color__hover_enabled=&#8221;on&#8221; button_text_color__hover=&#8221;#6eba01&#8243; button_one_text_color__hover_enabled=&#8221;off&#8221; button_two_text_color__hover_enabled=&#8221;off&#8221; button_border_width__hover_enabled=&#8221;off&#8221; button_one_border_width__hover_enabled=&#8221;off&#8221; button_two_border_width__hover_enabled=&#8221;off&#8221; button_border_color__hover_enabled=&#8221;on&#8221; button_border_color__hover=&#8221;#6eba01&#8243; button_one_border_color__hover_enabled=&#8221;off&#8221; button_two_border_color__hover_enabled=&#8221;off&#8221; button_border_radius__hover_enabled=&#8221;on&#8221; button_border_radius__hover=&#8221;0&#8243; button_one_border_radius__hover_enabled=&#8221;off&#8221; button_two_border_radius__hover_enabled=&#8221;off&#8221; button_letter_spacing__hover_enabled=&#8221;on&#8221; button_letter_spacing__hover=&#8221;2&#8243; button_one_letter_spacing__hover_enabled=&#8221;off&#8221; button_two_letter_spacing__hover_enabled=&#8221;off&#8221; button_bg_color__hover_enabled=&#8221;on&#8221; button_bg_color__hover=&#8221;rgba(0,0,0,0)&#8221; button_one_bg_color__hover_enabled=&#8221;off&#8221; button_two_bg_color__hover_enabled=&#8221;off&#8221;]Allt hr\u00e1efni Odda er veitt \u00ed kringum \u00cdslandsstrendur \u00ed hreinu hafi sem skilar inn hollum og n\u00e6ringarr\u00edkum afur\u00f0um. Fiskvei\u00f0ar eru grundvallar\u00fe\u00e1ttur \u00ed \u00edslensku atvinnul\u00edfi og er \u00fev\u00ed markmi\u00f0 okkar a\u00f0 n\u00fdta au\u00f0lindina skynsamlega me\u00f0 g\u00f3\u00f0ri umgengni og vernda stofna okkar svo a\u00f0 \u00feeir endist n\u00e6stu \u00e1ratugina.[\/et_pb_cta][\/et_pb_column][et_pb_column type=&#8221;1_2&#8243; _builder_version=&#8221;4.11.3&#8243; background_image=&#8221;https:\/\/oddihf.is\/wp-content\/uploads\/2021\/10\/oddi_heimasida-0426.jpg&#8221; custom_padding=&#8221;|||&#8221; background_last_edited=&#8221;on|phone&#8221; global_colors_info=&#8221;{}&#8221; custom_padding__hover=&#8221;|||&#8221;][\/et_pb_column][\/et_pb_row][\/et_pb_section][et_pb_section fb_built=&#8221;1&#8243; admin_label=&#8221;FAQ&#8221; _builder_version=&#8221;4.11.3&#8243; background_color=&#8221;#F4F4F4&#8243; custom_padding=&#8221;33px|0px|33px|0px||&#8221; global_colors_info=&#8221;{}&#8221;][et_pb_row column_structure=&#8221;1_4,1_4,1_4,1_4&#8243; _builder_version=&#8221;4.11.3&#8243; background_size=&#8221;initial&#8221; background_position=&#8221;top_left&#8221; background_repeat=&#8221;repeat&#8221; custom_padding=&#8221;40px|0px|40px|0px&#8221; global_colors_info=&#8221;{}&#8221;][et_pb_column type=&#8221;1_4&#8243; _builder_version=&#8221;4.11.3&#8243; custom_padding=&#8221;|||&#8221; global_colors_info=&#8221;{}&#8221; custom_padding__hover=&#8221;|||&#8221;][et_pb_image src=&#8221;https:\/\/oddihf.is\/wp-content\/uploads\/2021\/11\/responsible.png&#8221; title_text=&#8221;irf&#8221; align=&#8221;center&#8221; _builder_version=&#8221;4.11.3&#8243; _module_preset=&#8221;default&#8221; global_colors_info=&#8221;{}&#8221;][\/et_pb_image][\/et_pb_column][et_pb_column type=&#8221;1_4&#8243; _builder_version=&#8221;3.25&#8243; custom_padding=&#8221;|||&#8221; global_colors_info=&#8221;{}&#8221; custom_padding__hover=&#8221;|||&#8221;][et_pb_image src=&#8221;https:\/\/oddihf.is\/wp-content\/uploads\/2021\/10\/msc-150.png&#8221; title_text=&#8221;msc-150&#8243; align=&#8221;center&#8221; _builder_version=&#8221;4.11.3&#8243; _module_preset=&#8221;default&#8221; global_colors_info=&#8221;{}&#8221;][\/et_pb_image][\/et_pb_column][et_pb_column type=&#8221;1_4&#8243; _builder_version=&#8221;4.11.3&#8243; _module_preset=&#8221;default&#8221; global_colors_info=&#8221;{}&#8221;][et_pb_image src=&#8221;https:\/\/oddihf.is\/wp-content\/uploads\/2021\/10\/haccp-150-gray.png&#8221; title_text=&#8221;haccp-150-gray&#8221; align=&#8221;center&#8221; _builder_version=&#8221;4.11.3&#8243; _module_preset=&#8221;default&#8221; global_colors_info=&#8221;{}&#8221;][\/et_pb_image][\/et_pb_column][et_pb_column type=&#8221;1_4&#8243; _builder_version=&#8221;4.11.3&#8243; _module_preset=&#8221;default&#8221; global_colors_info=&#8221;{}&#8221;][et_pb_image src=&#8221;https:\/\/oddihf.is\/wp-content\/uploads\/2021\/10\/asc-150.png&#8221; title_text=&#8221;asc-150&#8243; align=&#8221;center&#8221; _builder_version=&#8221;4.11.3&#8243; _module_preset=&#8221;default&#8221; global_colors_info=&#8221;{}&#8221;][\/et_pb_image][\/et_pb_column][\/et_pb_row][\/et_pb_section]<\/p>","protected":false},"excerpt":{"rendered":"<p>Oddi hf gerir \u00fat tvo l\u00ednuskip, N\u00fap BA-69 og Patrek BA-64 sem stunda \u00e1byrgar vei\u00f0ar \u00far fiskistofnum \u00e1 \u00cdslandsmi\u00f0um. B\u00e6\u00f0i skipin eru \u00fatb\u00fain me\u00f0 sj\u00e1lfvirkum beitningarv\u00e9lum \u00e1samt bl\u00e6\u00f0i og k\u00e6likerfi sem skilar hr\u00e1efni \u00ed bestu m\u00f6gulegu g\u00e6\u00f0um.<\/p>","protected":false},"author":1,"featured_media":895,"parent":0,"menu_order":0,"comment_status":"closed","ping_status":"closed","template":"","meta":{"_et_pb_use_builder":"on","_et_pb_old_content":"","_et_gb_content_width":""},"yoast_head":"<!-- This site is optimized with the Yoast SEO plugin v17.7.1 - https:\/\/yoast.com\/wordpress\/plugins\/seo\/ -->\n<title>\u00datger\u00f0 - Oddi HF<\/title>\n<meta name=\"description\" content=\"Oddi hf gerir \u00fat tvo l\u00ednuskip, N\u00fap BA-69 og Patrek BA-64 sem stunda \u00e1byrgar vei\u00f0ar \u00far fiskistofnum \u00e1 \u00cdslandsmi\u00f0um. B\u00e6\u00f0i skipin eru \u00fatb\u00fain me\u00f0 sj\u00e1lfvirkum beitningarv\u00e9lum \u00e1samt bl\u00e6\u00f0i og k\u00e6likerfi sem skilar hr\u00e1efni \u00ed bestu m\u00f6gulegu g\u00e6\u00f0um.\" \/>\n<meta name=\"robots\" content=\"index, follow, max-snippet:-1, max-image-preview:large, max-video-preview:-1\" \/>\n<link rel=\"canonical\" href=\"https:\/\/oddihf.is\/en\/utgerd\/\" \/>\n<meta property=\"og:locale\" content=\"en_US\" \/>\n<meta property=\"og:type\" content=\"article\" \/>\n<meta property=\"og:title\" content=\"\u00datger\u00f0 - Oddi HF\" \/>\n<meta property=\"og:description\" content=\"Oddi hf gerir \u00fat tvo l\u00ednuskip, N\u00fap BA-69 og Patrek BA-64 sem stunda \u00e1byrgar vei\u00f0ar \u00far fiskistofnum \u00e1 \u00cdslandsmi\u00f0um. B\u00e6\u00f0i skipin eru \u00fatb\u00fain me\u00f0 sj\u00e1lfvirkum beitningarv\u00e9lum \u00e1samt bl\u00e6\u00f0i og k\u00e6likerfi sem skilar hr\u00e1efni \u00ed bestu m\u00f6gulegu g\u00e6\u00f0um.\" \/>\n<meta property=\"og:url\" content=\"https:\/\/oddihf.is\/en\/utgerd\/\" \/>\n<meta property=\"og:site_name\" content=\"Oddi HF\" \/>\n<meta property=\"article:modified_time\" content=\"2021-12-07T11:26:51+00:00\" \/>\n<meta property=\"og:image\" content=\"https:\/\/oddihf.is\/wp-content\/uploads\/2021\/10\/oddi_heimasida-0839-2.jpg\" \/>\n\t<meta property=\"og:image:width\" content=\"1920\" \/>\n\t<meta property=\"og:image:height\" content=\"1078\" \/>\n<meta name=\"twitter:card\" content=\"summary_large_image\" \/>\n<meta name=\"twitter:label1\" content=\"Est. reading time\" \/>\n\t<meta name=\"twitter:data1\" content=\"3 minutes\" \/>\n<script type=\"application\/ld+json\" class=\"yoast-schema-graph\">{\"@context\":\"https:\/\/schema.org\",\"@graph\":[{\"@type\":\"WebSite\",\"@id\":\"https:\/\/oddihf.is\/#website\",\"url\":\"https:\/\/oddihf.is\/\",\"name\":\"Oddi HF\",\"description\":\"Fiskvinnsla og \\u00fatger\\u00f0 \\u00e1 Patreksfir\\u00f0i\",\"potentialAction\":[{\"@type\":\"SearchAction\",\"target\":{\"@type\":\"EntryPoint\",\"urlTemplate\":\"https:\/\/oddihf.is\/?s={search_term_string}\"},\"query-input\":\"required name=search_term_string\"}],\"inLanguage\":\"en-US\"},{\"@type\":\"ImageObject\",\"@id\":\"https:\/\/oddihf.is\/is\/utgerd\/#primaryimage\",\"inLanguage\":\"en-US\",\"url\":\"https:\/\/oddihf.is\/wp-content\/uploads\/2021\/10\/oddi_heimasida-0839-2.jpg\",\"contentUrl\":\"https:\/\/oddihf.is\/wp-content\/uploads\/2021\/10\/oddi_heimasida-0839-2.jpg\",\"width\":1920,\"height\":1078},{\"@type\":\"WebPage\",\"@id\":\"https:\/\/oddihf.is\/is\/utgerd\/#webpage\",\"url\":\"https:\/\/oddihf.is\/is\/utgerd\/\",\"name\":\"\\u00datger\\u00f0 - Oddi HF\",\"isPartOf\":{\"@id\":\"https:\/\/oddihf.is\/#website\"},\"primaryImageOfPage\":{\"@id\":\"https:\/\/oddihf.is\/is\/utgerd\/#primaryimage\"},\"datePublished\":\"2020-01-08T09:26:25+00:00\",\"dateModified\":\"2021-12-07T11:26:51+00:00\",\"description\":\"Oddi hf gerir \\u00fat tvo l\\u00ednuskip, N\\u00fap BA-69 og Patrek BA-64 sem stunda \\u00e1byrgar vei\\u00f0ar \\u00far fiskistofnum \\u00e1 \\u00cdslandsmi\\u00f0um. B\\u00e6\\u00f0i skipin eru \\u00fatb\\u00fain me\\u00f0 sj\\u00e1lfvirkum beitningarv\\u00e9lum \\u00e1samt bl\\u00e6\\u00f0i og k\\u00e6likerfi sem skilar hr\\u00e1efni \\u00ed bestu m\\u00f6gulegu g\\u00e6\\u00f0um.\",\"breadcrumb\":{\"@id\":\"https:\/\/oddihf.is\/is\/utgerd\/#breadcrumb\"},\"inLanguage\":\"en-US\",\"potentialAction\":[{\"@type\":\"ReadAction\",\"target\":[\"https:\/\/oddihf.is\/is\/utgerd\/\"]}]},{\"@type\":\"BreadcrumbList\",\"@id\":\"https:\/\/oddihf.is\/is\/utgerd\/#breadcrumb\",\"itemListElement\":[{\"@type\":\"ListItem\",\"position\":1,\"name\":\"Home\",\"item\":\"https:\/\/oddihf.is\/\"},{\"@type\":\"ListItem\",\"position\":2,\"name\":\"\\u00datger\\u00f0\"}]}]}<\/script>\n<!-- \/ Yoast SEO plugin. -->","yoast_head_json":{"title":"\u00datger\u00f0 - Oddi HF","description":"Oddi hf gerir \u00fat tvo l\u00ednuskip, N\u00fap BA-69 og Patrek BA-64 sem stunda \u00e1byrgar vei\u00f0ar \u00far fiskistofnum \u00e1 \u00cdslandsmi\u00f0um. B\u00e6\u00f0i skipin eru \u00fatb\u00fain me\u00f0 sj\u00e1lfvirkum beitningarv\u00e9lum \u00e1samt bl\u00e6\u00f0i og k\u00e6likerfi sem skilar hr\u00e1efni \u00ed bestu m\u00f6gulegu g\u00e6\u00f0um.","robots":{"index":"index","follow":"follow","max-snippet":"max-snippet:-1","max-image-preview":"max-image-preview:large","max-video-preview":"max-video-preview:-1"},"canonical":"https:\/\/oddihf.is\/en\/utgerd\/","og_locale":"en_US","og_type":"article","og_title":"\u00datger\u00f0 - Oddi HF","og_description":"Oddi hf gerir \u00fat tvo l\u00ednuskip, N\u00fap BA-69 og Patrek BA-64 sem stunda \u00e1byrgar vei\u00f0ar \u00far fiskistofnum \u00e1 \u00cdslandsmi\u00f0um. B\u00e6\u00f0i skipin eru \u00fatb\u00fain me\u00f0 sj\u00e1lfvirkum beitningarv\u00e9lum \u00e1samt bl\u00e6\u00f0i og k\u00e6likerfi sem skilar hr\u00e1efni \u00ed bestu m\u00f6gulegu g\u00e6\u00f0um.","og_url":"https:\/\/oddihf.is\/en\/utgerd\/","og_site_name":"Oddi HF","article_modified_time":"2021-12-07T11:26:51+00:00","og_image":[{"width":1920,"height":1078,"url":"https:\/\/oddihf.is\/wp-content\/uploads\/2021\/10\/oddi_heimasida-0839-2.jpg","type":"image\/jpeg"}],"twitter_card":"summary_large_image","twitter_misc":{"Est. reading time":"3 minutes"},"schema":{"@context":"https:\/\/schema.org","@graph":[{"@type":"WebSite","@id":"https:\/\/oddihf.is\/#website","url":"https:\/\/oddihf.is\/","name":"Oddi HF","description":"Fiskvinnsla og \u00fatger\u00f0 \u00e1 Patreksfir\u00f0i","potentialAction":[{"@type":"SearchAction","target":{"@type":"EntryPoint","urlTemplate":"https:\/\/oddihf.is\/?s={search_term_string}"},"query-input":"required name=search_term_string"}],"inLanguage":"en-US"},{"@type":"ImageObject","@id":"https:\/\/oddihf.is\/is\/utgerd\/#primaryimage","inLanguage":"en-US","url":"https:\/\/oddihf.is\/wp-content\/uploads\/2021\/10\/oddi_heimasida-0839-2.jpg","contentUrl":"https:\/\/oddihf.is\/wp-content\/uploads\/2021\/10\/oddi_heimasida-0839-2.jpg","width":1920,"height":1078},{"@type":"WebPage","@id":"https:\/\/oddihf.is\/is\/utgerd\/#webpage","url":"https:\/\/oddihf.is\/is\/utgerd\/","name":"\u00datger\u00f0 - Oddi HF","isPartOf":{"@id":"https:\/\/oddihf.is\/#website"},"primaryImageOfPage":{"@id":"https:\/\/oddihf.is\/is\/utgerd\/#primaryimage"},"datePublished":"2020-01-08T09:26:25+00:00","dateModified":"2021-12-07T11:26:51+00:00","description":"Oddi hf gerir \u00fat tvo l\u00ednuskip, N\u00fap BA-69 og Patrek BA-64 sem stunda \u00e1byrgar vei\u00f0ar \u00far fiskistofnum \u00e1 \u00cdslandsmi\u00f0um. B\u00e6\u00f0i skipin eru \u00fatb\u00fain me\u00f0 sj\u00e1lfvirkum beitningarv\u00e9lum \u00e1samt bl\u00e6\u00f0i og k\u00e6likerfi sem skilar hr\u00e1efni \u00ed bestu m\u00f6gulegu g\u00e6\u00f0um.","breadcrumb":{"@id":"https:\/\/oddihf.is\/is\/utgerd\/#breadcrumb"},"inLanguage":"en-US","potentialAction":[{"@type":"ReadAction","target":["https:\/\/oddihf.is\/is\/utgerd\/"]}]},{"@type":"BreadcrumbList","@id":"https:\/\/oddihf.is\/is\/utgerd\/#breadcrumb","itemListElement":[{"@type":"ListItem","position":1,"name":"Home","item":"https:\/\/oddihf.is\/"},{"@type":"ListItem","position":2,"name":"\u00datger\u00f0"}]}]}},"_links":{"self":[{"href":"https:\/\/oddihf.is\/en\/wp-json\/wp\/v2\/pages\/175"}],"collection":[{"href":"https:\/\/oddihf.is\/en\/wp-json\/wp\/v2\/pages"}],"about":[{"href":"https:\/\/oddihf.is\/en\/wp-json\/wp\/v2\/types\/page"}],"author":[{"embeddable":true,"href":"https:\/\/oddihf.is\/en\/wp-json\/wp\/v2\/users\/1"}],"replies":[{"embeddable":true,"href":"https:\/\/oddihf.is\/en\/wp-json\/wp\/v2\/comments?post=175"}],"version-history":[{"count":18,"href":"https:\/\/oddihf.is\/en\/wp-json\/wp\/v2\/pages\/175\/revisions"}],"predecessor-version":[{"id":1093,"href":"https:\/\/oddihf.is\/en\/wp-json\/wp\/v2\/pages\/175\/revisions\/1093"}],"wp:featuredmedia":[{"embeddable":true,"href":"https:\/\/oddihf.is\/en\/wp-json\/wp\/v2\/media\/895"}],"wp:attachment":[{"href":"https:\/\/oddihf.is\/en\/wp-json\/wp\/v2\/media?parent=175"}],"curies":[{"name":"wp","href":"https:\/\/api.w.org\/{rel}","templated":true}]}}